{"id":15,"date":"2025-07-21T13:11:17","date_gmt":"2025-07-21T13:11:17","guid":{"rendered":"https:\/\/cesarrafael.pt\/?page_id=15"},"modified":"2026-01-12T14:50:40","modified_gmt":"2026-01-12T14:50:40","slug":"biografia","status":"publish","type":"page","link":"https:\/\/www.cesarrafael.pt\/en\/biografia\/","title":{"rendered":"Autobiography"},"content":{"rendered":"\n<div class=\"wp-block-group justify-text is-layout-constrained wp-block-group-is-layout-constrained\">\n<p>Nasci a 4 de janeiro de 2001 em Vila Real, cidade onde iniciei os meus estudos musicais no Conservat\u00f3rio Regional de Vila Real, em trompete. No 10.\u00ba ano, transitei para a ESPROARTE, momento em que comecei a desenvolver um interesse crescente pela composi\u00e7\u00e3o, tendo aulas particulares com o Professor Diogo Silva.<\/p>\n\n\n\n<p>Em 2020, ingressei na Universidade de \u00c9vora, na Licenciatura em M\u00fasica com especializa\u00e7\u00e3o em composi\u00e7\u00e3o. Ao longo deste percurso acad\u00e9mico de tr\u00eas anos, tive o privil\u00e9gio de estudar sob orienta\u00e7\u00e3o dos Professores Christopher Bochmann, Hugo Ribeiro e Pedro Amaral, participando em colabora\u00e7\u00f5es com diversos m\u00fasicos que estrearam e interpretaram as minhas composi\u00e7\u00f5es.<\/p>\n\n\n\n<p>Em 2023, continuei a minha forma\u00e7\u00e3o na Universidade de \u00c9vora, transitando para o Mestrado em Ensino de M\u00fasica, sob orienta\u00e7\u00e3o do Professor Pedro Amaral, tendo conclu\u00eddo em 2025.<\/p>\n\n\n\n<p>Paralelamente \u00e0 minha forma\u00e7\u00e3o acad\u00e9mica, participei em v\u00e1rias masterclasses e workshops com compositores reconhecidos como Lu\u00eds Naon, Michal Rataj e Cl\u00e1udio de Pina. Frequentei ainda aulas abertas com os Professores Sara Carvalho e Evgueni Zoudilkine na Universidade de Aveiro, bem como semin\u00e1rios de composi\u00e7\u00e3o orientados pelos compositores Carlos Marecos e Christopher Bochmann na Universidade de \u00c9vora. Destaco tamb\u00e9m a minha participa\u00e7\u00e3o no projeto &#8220;Canto das Sementes&#8221;, organizado pelo Projecto DME e orientado pelo Professor Dimitris Andrikopoulos.<\/p>\n\n\n\n<p>Entre os momentos mais marcantes de que me orgulho da minha trajet\u00f3ria na \u00e1rea da composi\u00e7\u00e3o, destaco a conquista do primeiro lugar no prestigiado concurso Pr\u00e9mio Composi\u00e7\u00e3o SPA\/Antena 2 | 2023 com a pe\u00e7a &#8220;Auto Retrato&#8221;. Este reconhecimento permitiu a estreia da composi\u00e7\u00e3o pela Orquestra Gulbenkian no concerto de encerramento do Festival Jovens M\u00fasicos 2023. Mais recentemente, venci o Concurso para Jovem Compositor da Jovem Orquestra Portuguesa, Temporada 2025\/2026.<\/p>\n\n\n\n<p>Atualmente continuo a compor ativamente, articulando esta pr\u00e1tica com a minha atual atividade profissional como professor, e tenho tido a satisfa\u00e7\u00e3o de ver as minhas obras estreadas e executadas em diversos contextos e locais.<\/p>\n<\/div>\n\n\n\n<figure data-wp-context=\"{&quot;imageId&quot;:&quot;6a05170fb371e&quot;}\" data-wp-interactive=\"core\/image\" data-wp-key=\"6a05170fb371e\" class=\"wp-block-image aligncenter size-large is-resized wp-lightbox-container\"><img loading=\"lazy\" decoding=\"async\" width=\"1024\" height=\"683\" data-wp-class--hide=\"state.isContentHidden\" data-wp-class--show=\"state.isContentVisible\" data-wp-init=\"callbacks.setButtonStyles\" data-wp-on--click=\"actions.showLightbox\" data-wp-on--load=\"callbacks.setButtonStyles\" data-wp-on-window--resize=\"callbacks.setButtonStyles\" src=\"https:\/\/cesarrafael.pt\/wp-content\/uploads\/2025\/07\/493856493_3648526291957857_6659549373256914162_n-1024x683.jpg\" alt=\"\" class=\"wp-image-285\" style=\"width:649px;height:auto\" srcset=\"https:\/\/www.cesarrafael.pt\/wp-content\/uploads\/2025\/07\/493856493_3648526291957857_6659549373256914162_n-1024x683.jpg 1024w, https:\/\/www.cesarrafael.pt\/wp-content\/uploads\/2025\/07\/493856493_3648526291957857_6659549373256914162_n-300x200.jpg 300w, https:\/\/www.cesarrafael.pt\/wp-content\/uploads\/2025\/07\/493856493_3648526291957857_6659549373256914162_n-768x512.jpg 768w, https:\/\/www.cesarrafael.pt\/wp-content\/uploads\/2025\/07\/493856493_3648526291957857_6659549373256914162_n-18x12.jpg 18w, https:\/\/www.cesarrafael.pt\/wp-content\/uploads\/2025\/07\/493856493_3648526291957857_6659549373256914162_n.jpg 1080w\" sizes=\"auto, (max-width: 1024px) 100vw, 1024px\" \/><button\n\t\t\tclass=\"lightbox-trigger\"\n\t\t\ttype=\"button\"\n\t\t\taria-haspopup=\"dialog\"\n\t\t\taria-label=\"Enlarge\"\n\t\t\tdata-wp-init=\"callbacks.initTriggerButton\"\n\t\t\tdata-wp-on--click=\"actions.showLightbox\"\n\t\t\tdata-wp-style--right=\"state.imageButtonRight\"\n\t\t\tdata-wp-style--top=\"state.imageButtonTop\"\n\t\t>\n\t\t\t<svg xmlns=\"http:\/\/www.w3.org\/2000\/svg\" width=\"12\" height=\"12\" fill=\"none\" viewBox=\"0 0 12 12\">\n\t\t\t\t<path fill=\"#fff\" d=\"M2 0a2 2 0 0 0-2 2v2h1.5V2a.5.5 0 0 1 .5-.5h2V0H2Zm2 10.5H2a.5.5 0 0 1-.5-.5V8H0v2a2 2 0 0 0 2 2h2v-1.5ZM8 12v-1.5h2a.5.5 0 0 0 .5-.5V8H12v2a2 2 0 0 1-2 2H8Zm2-12a2 2 0 0 1 2 2v2h-1.5V2a.5.5 0 0 0-.5-.5H8V0h2Z\" \/>\n\t\t\t<\/svg>\n\t\t<\/button><figcaption class=\"wp-element-caption\"><sup>[<em>Estreia de &#8220;Auto Retrato&#8221; pela Orquestra Gulbenkian, sob a dire\u00e7\u00e3o do Maestro Jean-Marc Burfin, no Grande Audit\u00f3rio Gulbenkian, durante o Festival Jovens M\u00fasicos, a 29 de setembro de 2023<\/em>]<\/sup><\/figcaption><\/figure>\n\n\n\n<p><\/p>\n","protected":false},"excerpt":{"rendered":"<p>Nasci a 4 de janeiro de 2001 em Vila Real, cidade onde iniciei os meus estudos musicais no Conservat\u00f3rio Regional [&hellip;]<\/p>\n","protected":false},"author":1,"featured_media":0,"parent":0,"menu_order":0,"comment_status":"closed","ping_status":"closed","template":"","meta":{"site-sidebar-layout":"default","site-content-layout":"","ast-site-content-layout":"default","site-content-style":"default","site-sidebar-style":"default","ast-global-header-display":"","ast-banner-title-visibility":"","ast-main-header-display":"","ast-hfb-above-header-display":"","ast-hfb-below-header-display":"","ast-hfb-mobile-header-display":"","site-post-title":"","ast-breadcrumbs-content":"","ast-featured-img":"","footer-sml-layout":"","theme-transparent-header-meta":"","adv-header-id-meta":"","stick-header-meta":"","header-above-stick-meta":"","header-main-stick-meta":"","header-below-stick-meta":"","astra-migrate-meta-layouts":"default","ast-page-background-enabled":"default","ast-page-background-meta":{"desktop":{"background-color":"var(--ast-global-color-5)","background-image":"","background-repeat":"repeat","background-position":"center center","background-size":"auto","background-attachment":"scroll","background-type":"","background-media":"","overlay-type":"","overlay-color":"","overlay-opacity":"","overlay-gradient":""},"tablet":{"background-color":"","background-image":"","background-repeat":"repeat","background-position":"center center","background-size":"auto","background-attachment":"scroll","background-type":"","background-media":"","overlay-type":"","overlay-color":"","overlay-opacity":"","overlay-gradient":""},"mobile":{"background-color":"","background-image":"","background-repeat":"repeat","background-position":"center center","background-size":"auto","background-attachment":"scroll","background-type":"","background-media":"","overlay-type":"","overlay-color":"","overlay-opacity":"","overlay-gradient":""}},"ast-content-background-meta":{"desktop":{"background-color":"var(--ast-global-color-4)","background-image":"","background-repeat":"repeat","background-position":"center center","background-size":"auto","background-attachment":"scroll","background-type":"","background-media":"","overlay-type":"","overlay-color":"","overlay-opacity":"","overlay-gradient":""},"tablet":{"background-color":"var(--ast-global-color-4)","background-image":"","background-repeat":"repeat","background-position":"center center","background-size":"auto","background-attachment":"scroll","background-type":"","background-media":"","overlay-type":"","overlay-color":"","overlay-opacity":"","overlay-gradient":""},"mobile":{"background-color":"var(--ast-global-color-4)","background-image":"","background-repeat":"repeat","background-position":"center center","background-size":"auto","background-attachment":"scroll","background-type":"","background-media":"","overlay-type":"","overlay-color":"","overlay-opacity":"","overlay-gradient":""}},"footnotes":""},"class_list":["post-15","page","type-page","status-publish","hentry"],"_links":{"self":[{"href":"https:\/\/www.cesarrafael.pt\/en\/wp-json\/wp\/v2\/pages\/15","targetHints":{"allow":["GET"]}}],"collection":[{"href":"https:\/\/www.cesarrafael.pt\/en\/wp-json\/wp\/v2\/pages"}],"about":[{"href":"https:\/\/www.cesarrafael.pt\/en\/wp-json\/wp\/v2\/types\/page"}],"author":[{"embeddable":true,"href":"https:\/\/www.cesarrafael.pt\/en\/wp-json\/wp\/v2\/users\/1"}],"replies":[{"embeddable":true,"href":"https:\/\/www.cesarrafael.pt\/en\/wp-json\/wp\/v2\/comments?post=15"}],"version-history":[{"count":14,"href":"https:\/\/www.cesarrafael.pt\/en\/wp-json\/wp\/v2\/pages\/15\/revisions"}],"predecessor-version":[{"id":808,"href":"https:\/\/www.cesarrafael.pt\/en\/wp-json\/wp\/v2\/pages\/15\/revisions\/808"}],"wp:attachment":[{"href":"https:\/\/www.cesarrafael.pt\/en\/wp-json\/wp\/v2\/media?parent=15"}],"curies":[{"name":"wp","href":"https:\/\/api.w.org\/{rel}","templated":true}]}}