{"id":13,"date":"2025-07-21T13:11:06","date_gmt":"2025-07-21T13:11:06","guid":{"rendered":"https:\/\/cesarrafael.pt\/?page_id=13"},"modified":"2026-04-25T15:21:58","modified_gmt":"2026-04-25T15:21:58","slug":"home","status":"publish","type":"page","link":"https:\/\/www.cesarrafael.pt\/en\/","title":{"rendered":"Home"},"content":{"rendered":"<hr class=\"wp-block-separator has-text-color has-ast-global-color-1-color has-alpha-channel-opacity has-ast-global-color-1-background-color has-background is-style-default\" style=\"margin-top:var(--wp--preset--spacing--60);margin-bottom:var(--wp--preset--spacing--50)\"\/>\n\n\n\n<div class=\"wp-block-columns is-layout-flex wp-container-core-columns-is-layout-28f84493 wp-block-columns-is-layout-flex\" style=\"line-height:0\">\n<div class=\"wp-block-column is-layout-flow wp-block-column-is-layout-flow\">\n<figure class=\"wp-block-image size-full is-resized is-style-rounded\"><img loading=\"lazy\" decoding=\"async\" width=\"960\" height=\"960\" src=\"https:\/\/www.cesarrafael.pt\/wp-content\/uploads\/2025\/07\/87644853_1918295544980949_4245049536818446336_n-1.jpg\" alt=\"\" class=\"wp-image-26\" style=\"width:272px;height:auto\" srcset=\"https:\/\/www.cesarrafael.pt\/wp-content\/uploads\/2025\/07\/87644853_1918295544980949_4245049536818446336_n-1.jpg 960w, https:\/\/www.cesarrafael.pt\/wp-content\/uploads\/2025\/07\/87644853_1918295544980949_4245049536818446336_n-1-300x300.jpg 300w, https:\/\/www.cesarrafael.pt\/wp-content\/uploads\/2025\/07\/87644853_1918295544980949_4245049536818446336_n-1-150x150.jpg 150w, https:\/\/www.cesarrafael.pt\/wp-content\/uploads\/2025\/07\/87644853_1918295544980949_4245049536818446336_n-1-768x768.jpg 768w\" sizes=\"auto, (max-width: 960px) 100vw, 960px\" \/><\/figure>\n<\/div>\n\n\n\n<div class=\"wp-block-column is-layout-flow wp-block-column-is-layout-flow\" style=\"padding-top:var(--wp--preset--spacing--20)\">\n<div class=\"wp-block-group blocos-sociais social-invert is-content-justification-left is-layout-constrained wp-container-core-group-is-layout-4a666d3a wp-block-group-is-layout-constrained\" style=\"margin-bottom:var(--wp--preset--spacing--20);padding-bottom:var(--wp--preset--spacing--30)\">\n<div class=\"wp-block-columns are-vertically-aligned-center .blocos-sociais social-invert is-layout-flex wp-container-core-columns-is-layout-28f84493 wp-block-columns-is-layout-flex\">\n<div class=\"wp-block-column is-vertically-aligned-center is-layout-flow wp-block-column-is-layout-flow\" style=\"flex-basis:15%\">\n<figure class=\"wp-block-image size-full is-resized icones-sociais\"><a href=\"https:\/\/www.cesarrafael.pt\/en\/composicoes\/\" target=\"_blank\" rel=\" noreferrer noopener\"><img loading=\"lazy\" decoding=\"async\" width=\"512\" height=\"512\" src=\"https:\/\/www.cesarrafael.pt\/wp-content\/uploads\/2026\/04\/5906039.png\" alt=\"\" class=\"wp-image-929\" style=\"width:85px\" srcset=\"https:\/\/www.cesarrafael.pt\/wp-content\/uploads\/2026\/04\/5906039.png 512w, https:\/\/www.cesarrafael.pt\/wp-content\/uploads\/2026\/04\/5906039-300x300.png 300w, https:\/\/www.cesarrafael.pt\/wp-content\/uploads\/2026\/04\/5906039-150x150.png 150w, https:\/\/www.cesarrafael.pt\/wp-content\/uploads\/2026\/04\/5906039-12x12.png 12w\" sizes=\"auto, (max-width: 512px) 100vw, 512px\" \/><\/a><\/figure>\n<\/div>\n\n\n\n<div class=\"wp-block-column is-vertically-aligned-center is-layout-flow wp-block-column-is-layout-flow\">\n<p class=\"blocos-sociais\" style=\"font-size:20px\"><strong><a href=\"https:\/\/www.cesarrafael.pt\/en\/composicoes\/\" data-type=\"page\" data-id=\"17\">Compositions<\/a><\/strong><\/p>\n<\/div>\n<\/div>\n<\/div>\n\n\n\n<div class=\"wp-block-group blocos-sociais social-invert is-content-justification-left is-layout-constrained wp-container-core-group-is-layout-4a666d3a wp-block-group-is-layout-constrained\" style=\"margin-bottom:var(--wp--preset--spacing--20);padding-bottom:var(--wp--preset--spacing--30)\">\n<div class=\"wp-block-columns are-vertically-aligned-center .blocos-sociais social-invert is-layout-flex wp-container-core-columns-is-layout-28f84493 wp-block-columns-is-layout-flex\">\n<div class=\"wp-block-column is-vertically-aligned-center is-layout-flow wp-block-column-is-layout-flow\" style=\"flex-basis:15%\">\n<figure class=\"wp-block-image size-full is-resized icones-sociais\"><a href=\"https:\/\/www.youtube.com\/@cesar.rafael\" target=\"_blank\" rel=\" noreferrer noopener\"><img loading=\"lazy\" decoding=\"async\" width=\"576\" height=\"512\" src=\"https:\/\/cesarrafael.pt\/wp-content\/uploads\/2025\/07\/youtube-brands.png\" alt=\"\" class=\"wp-image-37\" style=\"width:85px\" srcset=\"https:\/\/www.cesarrafael.pt\/wp-content\/uploads\/2025\/07\/youtube-brands.png 576w, https:\/\/www.cesarrafael.pt\/wp-content\/uploads\/2025\/07\/youtube-brands-300x267.png 300w\" sizes=\"auto, (max-width: 576px) 100vw, 576px\" \/><\/a><\/figure>\n<\/div>\n\n\n\n<div class=\"wp-block-column is-vertically-aligned-center is-layout-flow wp-block-column-is-layout-flow\">\n<p class=\"blocos-sociais\" style=\"font-size:20px\"><strong><a href=\"https:\/\/www.youtube.com\/@cesar.rafael\" target=\"_blank\" rel=\"noreferrer noopener\">@cesar.rafael<\/a><\/strong><\/p>\n<\/div>\n<\/div>\n<\/div>\n\n\n\n<div class=\"wp-block-group blocos-sociais social-invert is-content-justification-left is-layout-constrained wp-container-core-group-is-layout-4a666d3a wp-block-group-is-layout-constrained\" style=\"margin-bottom:var(--wp--preset--spacing--20);padding-bottom:var(--wp--preset--spacing--30)\">\n<div class=\"wp-block-columns are-vertically-aligned-center .blocos-sociais social-invert is-layout-flex wp-container-core-columns-is-layout-28f84493 wp-block-columns-is-layout-flex\">\n<div class=\"wp-block-column is-vertically-aligned-center is-layout-flow wp-block-column-is-layout-flow\" style=\"flex-basis:15%\">\n<figure class=\"wp-block-image size-full is-resized\"><a href=\"https:\/\/www.instagram.com\/cesar.jpeg\/\" target=\"_blank\" rel=\" noreferrer noopener\"><img loading=\"lazy\" decoding=\"async\" width=\"448\" height=\"512\" src=\"https:\/\/cesarrafael.pt\/wp-content\/uploads\/2025\/07\/instagram-brands.png\" alt=\"\" class=\"wp-image-38\" style=\"width:85px\" srcset=\"https:\/\/www.cesarrafael.pt\/wp-content\/uploads\/2025\/07\/instagram-brands.png 448w, https:\/\/www.cesarrafael.pt\/wp-content\/uploads\/2025\/07\/instagram-brands-263x300.png 263w\" sizes=\"auto, (max-width: 448px) 100vw, 448px\" \/><\/a><\/figure>\n<\/div>\n\n\n\n<div class=\"wp-block-column is-vertically-aligned-center is-layout-flow wp-block-column-is-layout-flow\">\n<p style=\"font-size:20px\"><strong><a href=\"https:\/\/www.instagram.com\/cesar.jpeg\/\" target=\"_blank\" rel=\"noreferrer noopener\">@cesar.jpg<\/a><\/strong><\/p>\n<\/div>\n<\/div>\n<\/div>\n\n\n\n<div class=\"wp-block-group blocos-sociais social-invert is-content-justification-left is-layout-constrained wp-container-core-group-is-layout-4a666d3a wp-block-group-is-layout-constrained\" style=\"margin-bottom:var(--wp--preset--spacing--20);padding-bottom:var(--wp--preset--spacing--30)\">\n<div class=\"wp-block-columns are-vertically-aligned-center .blocos-sociais social-invert is-layout-flex wp-container-core-columns-is-layout-28f84493 wp-block-columns-is-layout-flex\">\n<div class=\"wp-block-column is-vertically-aligned-center is-layout-flow wp-block-column-is-layout-flow\" style=\"flex-basis:15%\">\n<figure class=\"wp-block-image size-full is-resized\"><a href=\"https:\/\/www.cesarrafael.pt\/en\/contactos\/\" target=\"_blank\" rel=\" noreferrer noopener\"><img loading=\"lazy\" decoding=\"async\" width=\"512\" height=\"512\" src=\"https:\/\/www.cesarrafael.pt\/wp-content\/uploads\/2025\/07\/envelope-solid.png\" alt=\"\" class=\"wp-image-39\" style=\"width:85px\" srcset=\"https:\/\/www.cesarrafael.pt\/wp-content\/uploads\/2025\/07\/envelope-solid.png 512w, https:\/\/www.cesarrafael.pt\/wp-content\/uploads\/2025\/07\/envelope-solid-300x300.png 300w, https:\/\/www.cesarrafael.pt\/wp-content\/uploads\/2025\/07\/envelope-solid-150x150.png 150w\" sizes=\"auto, (max-width: 512px) 100vw, 512px\" \/><\/a><\/figure>\n<\/div>\n\n\n\n<div class=\"wp-block-column is-vertically-aligned-center is-layout-flow wp-block-column-is-layout-flow\">\n<p style=\"font-size:20px\"><a href=\"https:\/\/www.cesarrafael.pt\/en\/contactos\/\" data-type=\"page\" data-id=\"19\"><strong>Contacts<\/strong><\/a><\/p>\n<\/div>\n<\/div>\n<\/div>\n<\/div>\n\n\n\n<div class=\"wp-block-column is-layout-flow wp-block-column-is-layout-flow\">\n<p class=\"has-text-align-left has-medium-font-size\"><strong>Destaques<\/strong><\/p>\n\n\n\n<div class=\"wp-block-group is-layout-constrained wp-block-group-is-layout-constrained\">\n<div class=\"wp-block-group is-vertical is-layout-flex wp-container-core-group-is-layout-fe9cc265 wp-block-group-is-layout-flex\">\n<p style=\"line-height:1.8\">Pr\u00f3ximo concerto<\/p>\n\n\n\n<p class=\"has-medium-font-size\" style=\"line-height:1.5\"><strong>Saudades, s\u00f3 portugueses<\/strong><\/p>\n\n\n\n<p style=\"font-size:21px\">7 de Agosto<\/p>\n\n\n\n<p style=\"line-height:2\">Jovem Orquestra Portuguesa<\/p>\n\n\n\n<p>Dire\u00e7\u00e3o: Maestro Pedro Carneiro<\/p>\n\n\n\n<p>Konzerthaus Berlin, Alemanha<\/p>\n<\/div>\n<\/div>\n<\/div>\n<\/div>\n\n\n\n<p><\/p>\n\n\n\n<hr class=\"wp-block-separator has-text-color has-ast-global-color-1-color has-alpha-channel-opacity has-ast-global-color-1-background-color has-background is-style-default\" style=\"margin-top:var(--wp--preset--spacing--50);margin-bottom:var(--wp--preset--spacing--50)\"\/>","protected":false},"excerpt":{"rendered":"<p>Composi\u00e7\u00f5es @cesar.rafael @cesar.jpg Contactos Destaques Pr\u00f3ximo concerto Saudades, s\u00f3 portugueses 7 de Agosto Jovem Orquestra Portuguesa Dire\u00e7\u00e3o: Maestro Pedro Carneiro [&hellip;]<\/p>\n","protected":false},"author":1,"featured_media":0,"parent":0,"menu_order":0,"comment_status":"closed","ping_status":"closed","template":"","meta":{"site-sidebar-layout":"default","site-content-layout":"","ast-site-content-layout":"default","site-content-style":"default","site-sidebar-style":"default","ast-global-header-display":"","ast-banner-title-visibility":"","ast-main-header-display":"","ast-hfb-above-header-display":"","ast-hfb-below-header-display":"","ast-hfb-mobile-header-display":"","site-post-title":"disabled","ast-breadcrumbs-content":"","ast-featured-img":"","footer-sml-layout":"","theme-transparent-header-meta":"","adv-header-id-meta":"","stick-header-meta":"","header-above-stick-meta":"","header-main-stick-meta":"","header-below-stick-meta":"","astra-migrate-meta-layouts":"default","ast-page-background-enabled":"default","ast-page-background-meta":{"desktop":{"background-color":"var(--ast-global-color-5)","background-image":"","background-repeat":"repeat","background-position":"center center","background-size":"auto","background-attachment":"scroll","background-type":"","background-media":"","overlay-type":"","overlay-color":"","overlay-opacity":"","overlay-gradient":""},"tablet":{"background-color":"","background-image":"","background-repeat":"repeat","background-position":"center center","background-size":"auto","background-attachment":"scroll","background-type":"","background-media":"","overlay-type":"","overlay-color":"","overlay-opacity":"","overlay-gradient":""},"mobile":{"background-color":"","background-image":"","background-repeat":"repeat","background-position":"center center","background-size":"auto","background-attachment":"scroll","background-type":"","background-media":"","overlay-type":"","overlay-color":"","overlay-opacity":"","overlay-gradient":""}},"ast-content-background-meta":{"desktop":{"background-color":"var(--ast-global-color-4)","background-image":"","background-repeat":"repeat","background-position":"center center","background-size":"auto","background-attachment":"scroll","background-type":"","background-media":"","overlay-type":"","overlay-color":"","overlay-opacity":"","overlay-gradient":""},"tablet":{"background-color":"var(--ast-global-color-4)","background-image":"","background-repeat":"repeat","background-position":"center center","background-size":"auto","background-attachment":"scroll","background-type":"","background-media":"","overlay-type":"","overlay-color":"","overlay-opacity":"","overlay-gradient":""},"mobile":{"background-color":"var(--ast-global-color-4)","background-image":"","background-repeat":"repeat","background-position":"center center","background-size":"auto","background-attachment":"scroll","background-type":"","background-media":"","overlay-type":"","overlay-color":"","overlay-opacity":"","overlay-gradient":""}},"footnotes":""},"class_list":["post-13","page","type-page","status-publish","hentry"],"_links":{"self":[{"href":"https:\/\/www.cesarrafael.pt\/en\/wp-json\/wp\/v2\/pages\/13","targetHints":{"allow":["GET"]}}],"collection":[{"href":"https:\/\/www.cesarrafael.pt\/en\/wp-json\/wp\/v2\/pages"}],"about":[{"href":"https:\/\/www.cesarrafael.pt\/en\/wp-json\/wp\/v2\/types\/page"}],"author":[{"embeddable":true,"href":"https:\/\/www.cesarrafael.pt\/en\/wp-json\/wp\/v2\/users\/1"}],"replies":[{"embeddable":true,"href":"https:\/\/www.cesarrafael.pt\/en\/wp-json\/wp\/v2\/comments?post=13"}],"version-history":[{"count":195,"href":"https:\/\/www.cesarrafael.pt\/en\/wp-json\/wp\/v2\/pages\/13\/revisions"}],"predecessor-version":[{"id":933,"href":"https:\/\/www.cesarrafael.pt\/en\/wp-json\/wp\/v2\/pages\/13\/revisions\/933"}],"wp:attachment":[{"href":"https:\/\/www.cesarrafael.pt\/en\/wp-json\/wp\/v2\/media?parent=13"}],"curies":[{"name":"wp","href":"https:\/\/api.w.org\/{rel}","templated":true}]}}